{"id":17,"date":"2022-08-14T01:27:51","date_gmt":"2022-08-14T01:27:51","guid":{"rendered":"https:\/\/qrofradia.com\/?page_id=17"},"modified":"2022-08-14T08:01:34","modified_gmt":"2022-08-14T08:01:34","slug":"acerca-de","status":"publish","type":"page","link":"https:\/\/qrofradia.com\/index.php\/acerca-de\/","title":{"rendered":"Acerca de"},"content":{"rendered":"\n<p> LA COFRAD\u00cdA DE LA VIRGEN DEL CARMEN&#8230;<\/p>\n\n\n\n<p>&#8230;Es un gran medio y eficaz para difundir entre los fieles el amor afectivo a la Virgen Mar\u00eda, por lo tanto, una manera de participar en la misi\u00f3n evangelizadora de la Iglesia.<\/p>\n\n\n\n<p>&#8230; En sentido amplio, es la familia de fieles que han recibido el escapulario, quedando adheridos al Carmelo. <\/p>\n\n\n\n<p>&#8230; En sentido estricto, es una asociaci\u00f3n p\u00fablica de fieles, recomendada por la autoridad eclesial y erigida can\u00f3nicamente, que tiene como finalidad la de fomentar el culto a la Virgen Mar\u00eda en la advocaci\u00f3n del Carmen. <\/p>\n\n\n\n<p class=\"has-background-background-color has-text-color has-background\" style=\"color:#592e0b\"> &#8230;En conclusi\u00f3n, es una familia de fieles, que mediante la espiritualidad carmelitana, se propone vivir su compromiso cristiano, bajo la inspiraci\u00f3n y patrocinio de la BVM del Carmen, promoviendo su culto, principalmente a trav\u00e9s del escapulario Carmelitano, para participar activamente de la misi\u00f3n evangelizadora de la Iglesia, mediante la oraci\u00f3n, la frecuencia de los sacramentos, la vida de fraternidad y la acci\u00f3n apost\u00f3lica. <\/p>\n\n\n\n<p><\/p>\n\n\n\n<p><\/p>\n","protected":false},"excerpt":{"rendered":"<p>LA COFRAD\u00cdA DE LA VIRGEN DEL CARMEN&#8230; &#8230;Es un gran medio y eficaz para difundir entre los fieles el amor afectivo a la Virgen Mar\u00eda, por lo tanto, una manera de participar en la misi\u00f3n evangelizadora de la Iglesia. &#8230; En sentido amplio, es la familia de fieles que han recibido el escapulario, quedando adheridos [&hellip;]<\/p>\n","protected":false},"author":1,"featured_media":0,"parent":0,"menu_order":0,"comment_status":"closed","ping_status":"closed","template":"","meta":{"om_disable_all_campaigns":false,"_monsterinsights_skip_tracking":false,"_monsterinsights_sitenote_active":false,"_monsterinsights_sitenote_note":"","_monsterinsights_sitenote_category":0,"footnotes":""},"class_list":["post-17","page","type-page","status-publish","hentry"],"aioseo_notices":[],"_links":{"self":[{"href":"https:\/\/qrofradia.com\/index.php\/wp-json\/wp\/v2\/pages\/17","targetHints":{"allow":["GET"]}}],"collection":[{"href":"https:\/\/qrofradia.com\/index.php\/wp-json\/wp\/v2\/pages"}],"about":[{"href":"https:\/\/qrofradia.com\/index.php\/wp-json\/wp\/v2\/types\/page"}],"author":[{"embeddable":true,"href":"https:\/\/qrofradia.com\/index.php\/wp-json\/wp\/v2\/users\/1"}],"replies":[{"embeddable":true,"href":"https:\/\/qrofradia.com\/index.php\/wp-json\/wp\/v2\/comments?post=17"}],"version-history":[{"count":10,"href":"https:\/\/qrofradia.com\/index.php\/wp-json\/wp\/v2\/pages\/17\/revisions"}],"predecessor-version":[{"id":95,"href":"https:\/\/qrofradia.com\/index.php\/wp-json\/wp\/v2\/pages\/17\/revisions\/95"}],"wp:attachment":[{"href":"https:\/\/qrofradia.com\/index.php\/wp-json\/wp\/v2\/media?parent=17"}],"curies":[{"name":"wp","href":"https:\/\/api.w.org\/{rel}","templated":true}]}}