{"id":16,"date":"2022-08-20T04:10:26","date_gmt":"2022-08-20T04:10:26","guid":{"rendered":"https:\/\/qrofradia.com\/?page_id=16"},"modified":"2022-08-20T05:23:38","modified_gmt":"2022-08-20T05:23:38","slug":"home","status":"publish","type":"page","link":"https:\/\/qrofradia.com\/","title":{"rendered":"NOTAS"},"content":{"rendered":"<ul class=\"wp-block-latest-posts__list has-dates aligncenter wp-block-latest-posts\"><li><a class=\"wp-block-latest-posts__post-title\" href=\"https:\/\/qrofradia.com\/index.php\/2026\/02\/18\/la-cuaresma-y-la-liturgia-de-las-horas\/\">La Cuaresma y la Liturgia de las Horas<\/a><time datetime=\"2026-02-18T19:38:07+00:00\" class=\"wp-block-latest-posts__post-date\">18 de February de 2026<\/time><div class=\"wp-block-latest-posts__post-excerpt\">La Liturgia de las Horas, considerada por la tradici\u00f3n eclesial como el &#8220;Oficio Divino&#8221;, constituye la oraci\u00f3n p\u00fablica y comunitaria del Pueblo de Dios, cuya finalidad primordial es la santificaci\u00f3n de la totalidad del tiempo a trav\u00e9s del sacrificio de alabanza.<\/div><\/li>\n<li><a class=\"wp-block-latest-posts__post-title\" href=\"https:\/\/qrofradia.com\/index.php\/2024\/09\/03\/sabias-que-vamos-a-misa-con-4-propositos-bien-especificos-sabes-cuales-son\/\">\u00bfSab\u00edas que vamos a Misa con 4 prop\u00f3sitos bien espec\u00edficos? \u00bfSabes cu\u00e1les son?<\/a><time datetime=\"2024-09-03T17:28:42+00:00\" class=\"wp-block-latest-posts__post-date\">3 de September de 2024<\/time><div class=\"wp-block-latest-posts__post-excerpt\">Cuando vamos a Misa lo hacemos con cuatro fines bien espec\u00edficos: En que consiste cada uno de ellos: LATREUTICO. Vamos a la Santa Misa a Adorar a Dios, la Santa misa es el culto de adoraci\u00f3n a Dios por excelencia, no hay adoraci\u00f3n a Dios m\u00e1s perfecta que celebrar la Santa Misa. Esto se hace\u2026 <a class=\"wp-block-latest-posts__read-more\" href=\"https:\/\/qrofradia.com\/index.php\/2024\/09\/03\/sabias-que-vamos-a-misa-con-4-propositos-bien-especificos-sabes-cuales-son\/\" rel=\"noopener noreferrer\">Read more<span class=\"screen-reader-text\">: \u00bfSab\u00edas que vamos a Misa con 4 prop\u00f3sitos bien espec\u00edficos? \u00bfSabes cu\u00e1les son?<\/span><\/a><\/div><\/li>\n<li><a class=\"wp-block-latest-posts__post-title\" href=\"https:\/\/qrofradia.com\/index.php\/2024\/03\/26\/el-latin-en-la-praxis-eclesial-y-el-horizonte-de-la-unidad-liturgica\/\">El Lat\u00edn en la Praxis Eclesial y el Horizonte de la Unidad Lit\u00fargica<\/a><time datetime=\"2024-03-26T20:48:00+00:00\" class=\"wp-block-latest-posts__post-date\">26 de March de 2024<\/time><div class=\"wp-block-latest-posts__post-excerpt\">El debate sobre el uso de la lengua latina en la oraci\u00f3n y el \u00e1mbito eclesial representa una de las tensiones m\u00e1s profundas y persistentes en la historia de la Iglesia Cat\u00f3lica, especialmente en la era postconciliar.<\/div><\/li>\n<li><a class=\"wp-block-latest-posts__post-title\" href=\"https:\/\/qrofradia.com\/index.php\/2024\/02\/19\/libro-vida\/\">Libro &#8220;VIDA&#8221;<\/a><time datetime=\"2024-02-19T09:00:00+00:00\" class=\"wp-block-latest-posts__post-date\">19 de February de 2024<\/time><div class=\"wp-block-latest-posts__post-excerpt\">&#8220;El Libro de la Vida&#8221; es la autobiograf\u00eda espiritual de Santa Teresa de Jes\u00fas, escrita en el siglo XVI por obediencia a sus confesores.<\/div><\/li>\n<li><a class=\"wp-block-latest-posts__post-title\" href=\"https:\/\/qrofradia.com\/index.php\/2024\/02\/12\/historia-de-la-liturgia-de-las-horas-viii\/\">HISTORIA DE LA LITURGIA DE LAS HORAS (VIII)<\/a><time datetime=\"2024-02-12T00:38:53+00:00\" class=\"wp-block-latest-posts__post-date\">12 de February de 2024<\/time><div class=\"wp-block-latest-posts__post-excerpt\">A pesar de su importancia, el Breviario de San P\u00edo V tambi\u00e9n recibi\u00f3 cr\u00edticas a lo largo de los siglos, pues era considerado demasiado largo y complejo<\/div><\/li>\n<\/ul>\n\n\n<footer id=\"<iframe-src=&quot;https:\/\/calendar.google.com\/calendar\/embed?height=600&amp;wkst=1&amp;bgcolor=%23ffffff&amp;ctz=America%2FMexico_City&amp;src=aXZhbm9jZEBnbWFpbC5jb20&amp;color=%23009688&quot;-style=&quot;border:solid-1px--777&quot;-width=&quot;800&quot;-height=&quot;600&quot;-frameborder=&quot;0&quot;-scrolling=&quot;no&quot;&gt;<\/iframe&gt;\" class=\"wp-block-group &lt;iframe src=&quot;https:\/\/calendar.google.com\/calendar\/embed?height=600&amp;wkst=1&amp;bgcolor=%23ffffff&amp;ctz=America%2FMexico_City&amp;src=aXZhbm9jZEBnbWFpbC5jb20&amp;color=%23009688&quot; style=&quot;border:solid 1px #777&quot; width=&quot;800&quot; height=&quot;600&quot; frameborder=&quot;0&quot; scrolling=&quot;no&quot;&gt;&lt;\/iframe&gt;\"><div class=\"wp-block-group__inner-container is-layout-flow wp-block-group-is-layout-flow\"><\/div><\/footer>\n","protected":false},"excerpt":{"rendered":"","protected":false},"author":1,"featured_media":0,"parent":0,"menu_order":0,"comment_status":"closed","ping_status":"closed","template":"","meta":{"om_disable_all_campaigns":false,"_monsterinsights_skip_tracking":false,"_monsterinsights_sitenote_active":false,"_monsterinsights_sitenote_note":"","_monsterinsights_sitenote_category":0,"footnotes":""},"class_list":["post-16","page","type-page","status-publish","hentry"],"aioseo_notices":[],"_links":{"self":[{"href":"https:\/\/qrofradia.com\/index.php\/wp-json\/wp\/v2\/pages\/16","targetHints":{"allow":["GET"]}}],"collection":[{"href":"https:\/\/qrofradia.com\/index.php\/wp-json\/wp\/v2\/pages"}],"about":[{"href":"https:\/\/qrofradia.com\/index.php\/wp-json\/wp\/v2\/types\/page"}],"author":[{"embeddable":true,"href":"https:\/\/qrofradia.com\/index.php\/wp-json\/wp\/v2\/users\/1"}],"replies":[{"embeddable":true,"href":"https:\/\/qrofradia.com\/index.php\/wp-json\/wp\/v2\/comments?post=16"}],"version-history":[{"count":4,"href":"https:\/\/qrofradia.com\/index.php\/wp-json\/wp\/v2\/pages\/16\/revisions"}],"predecessor-version":[{"id":143,"href":"https:\/\/qrofradia.com\/index.php\/wp-json\/wp\/v2\/pages\/16\/revisions\/143"}],"wp:attachment":[{"href":"https:\/\/qrofradia.com\/index.php\/wp-json\/wp\/v2\/media?parent=16"}],"curies":[{"name":"wp","href":"https:\/\/api.w.org\/{rel}","templated":true}]}}